{"id":32,"date":"2023-05-12T14:29:25","date_gmt":"2023-05-12T12:29:25","guid":{"rendered":"https:\/\/www.osfs.eu\/zeitschrift-licht\/?page_id=32"},"modified":"2023-08-08T16:27:08","modified_gmt":"2023-08-08T14:27:08","slug":"kontakt","status":"publish","type":"page","link":"https:\/\/www.osfs.eu\/zeitschrift-licht\/kontakt\/","title":{"rendered":"Kontakt"},"content":{"rendered":"\t\t<div data-elementor-type=\"wp-page\" data-elementor-id=\"32\" class=\"elementor elementor-32\" data-elementor-post-type=\"page\">\n\t\t\t\t\t\t<section class=\"elementor-section elementor-top-section elementor-element elementor-element-7243ea3c elementor-section-boxed elementor-section-height-default elementor-section-height-default\" data-id=\"7243ea3c\" data-element_type=\"section\" data-e-type=\"section\">\n\t\t\t\t\t\t<div class=\"elementor-container elementor-column-gap-default\">\n\t\t\t\t\t<div class=\"elementor-column elementor-col-100 elementor-top-column elementor-element elementor-element-b3b782a\" data-id=\"b3b782a\" data-element_type=\"column\" data-e-type=\"column\">\n\t\t\t<div class=\"elementor-widget-wrap elementor-element-populated\">\n\t\t\t\t\t\t<div class=\"elementor-element elementor-element-9851797 elementor-widget elementor-widget-text-editor\" data-id=\"9851797\" data-element_type=\"widget\" data-e-type=\"widget\" data-widget_type=\"text-editor.default\">\n\t\t\t\t<div class=\"elementor-widget-container\">\n\t\t\t\t\t\t\t\t\t<h1 style=\"font-family: Arial, sans-serif;color: #2d5c88;text-transform: uppercase\">Franz-sales-verlag<\/h1>\t\t\t\t\t\t\t\t<\/div>\n\t\t\t\t<\/div>\n\t\t\t\t<div data-dce-text-color=\"#555555\" class=\"elementor-element elementor-element-34a0317 elementor-widget elementor-widget-text-editor\" data-id=\"34a0317\" data-element_type=\"widget\" data-e-type=\"widget\" data-widget_type=\"text-editor.default\">\n\t\t\t\t<div class=\"elementor-widget-container\">\n\t\t\t\t\t\t\t\t\t<p>Senden Sie uns eine E-Mail<\/p>\t\t\t\t\t\t\t\t<\/div>\n\t\t\t\t<\/div>\n\t\t\t\t\t<\/div>\n\t\t<\/div>\n\t\t\t\t\t<\/div>\n\t\t<\/section>\n\t\t<div class=\"elementor-element elementor-element-7bb3fd8 e-flex e-con-boxed e-con e-parent\" data-id=\"7bb3fd8\" data-element_type=\"container\" data-e-type=\"container\">\n\t\t\t\t\t<div class=\"e-con-inner\">\n\t\t<div class=\"elementor-element elementor-element-7fab7fb e-con-full e-flex e-con e-child\" data-id=\"7fab7fb\" data-element_type=\"container\" data-e-type=\"container\">\n\t\t\t\t<div class=\"elementor-element elementor-element-9b21e29 elementor-button-align-stretch elementor-widget elementor-widget-form\" data-id=\"9b21e29\" data-element_type=\"widget\" data-e-type=\"widget\" data-settings=\"{&quot;step_next_label&quot;:&quot;N\\u00e4chster&quot;,&quot;step_previous_label&quot;:&quot;Voriger&quot;,&quot;button_width&quot;:&quot;100&quot;,&quot;dce_confirm_dialog_enabled&quot;:&quot;no&quot;,&quot;step_type&quot;:&quot;number_text&quot;,&quot;step_icon_shape&quot;:&quot;circle&quot;,&quot;label_icon_size&quot;:{&quot;unit&quot;:&quot;px&quot;,&quot;size&quot;:&quot;&quot;,&quot;sizes&quot;:[]},&quot;field_icon_size&quot;:{&quot;unit&quot;:&quot;px&quot;,&quot;size&quot;:&quot;&quot;,&quot;sizes&quot;:[]}}\" data-widget_type=\"form.default\">\n\t\t\t\t<div class=\"elementor-widget-container\">\n\t\t\t\t\t\t\t<form class=\"elementor-form\" method=\"post\" name=\"Kontaktformular\" aria-label=\"Kontaktformular\">\n\t\t\t<input type=\"hidden\" name=\"post_id\" value=\"32\"\/>\n\t\t\t<input type=\"hidden\" name=\"form_id\" value=\"9b21e29\"\/>\n\t\t\t<input type=\"hidden\" name=\"referer_title\" value=\"Kontakt - Zeitschrift Licht\" \/>\n\n\t\t\t\t\t\t\t<input type=\"hidden\" name=\"queried_id\" value=\"32\"\/>\n\t\t\t\n\t\t\t<div class=\"elementor-form-fields-wrapper elementor-labels-above\">\n\t\t\t\t\t\t\t\t<div class=\"elementor-field-type-text elementor-field-group elementor-column elementor-field-group-name elementor-col-100 elementor-field-required elementor-mark-required\">\n\t\t\t\t\t\t\t\t\t\t\t\t<label for=\"form-field-name\" class=\"elementor-field-label\">\n\t\t\t\t\t\t\t\tName\t\t\t\t\t\t\t<\/label>\n\t\t\t\t\t\t\t\t\t\t\t\t\t\t<input size=\"1\" type=\"text\" name=\"form_fields[name]\" id=\"form-field-name\" class=\"elementor-field elementor-size-sm  elementor-field-textual\" required=\"required\">\n\t\t\t\t\t\t\t\t\t\t\t<\/div>\n\t\t\t\t\t\t\t\t<div class=\"elementor-field-type-email elementor-field-group elementor-column elementor-field-group-email elementor-col-100 elementor-field-required elementor-mark-required\">\n\t\t\t\t\t\t\t\t\t\t\t\t<label for=\"form-field-email\" class=\"elementor-field-label\">\n\t\t\t\t\t\t\t\tE-Mail\t\t\t\t\t\t\t<\/label>\n\t\t\t\t\t\t\t\t\t\t\t\t\t\t<input size=\"1\" type=\"email\" name=\"form_fields[email]\" id=\"form-field-email\" class=\"elementor-field elementor-size-sm  elementor-field-textual\" required=\"required\">\n\t\t\t\t\t\t\t\t\t\t\t<\/div>\n\t\t\t\t\t\t\t\t<div class=\"elementor-field-type-text elementor-field-group elementor-column elementor-field-group- elementor-col-100 elementor-field-required elementor-mark-required\">\n\t\t\t\t\t\t\t\t\t\t\t\t<label for=\"form-field-\" class=\"elementor-field-label\">\n\t\t\t\t\t\t\t\tBetreff\t\t\t\t\t\t\t<\/label>\n\t\t\t\t\t\t\t\t\t\t\t\t\t\t<input size=\"1\" type=\"text\" name=\"form_fields[]\" id=\"form-field-\" class=\"elementor-field elementor-size-sm  elementor-field-textual\" required=\"required\">\n\t\t\t\t\t\t\t\t\t\t\t<\/div>\n\t\t\t\t\t\t\t\t<div class=\"elementor-field-type-textarea elementor-field-group elementor-column elementor-field-group-message elementor-col-100 elementor-field-required elementor-mark-required\">\n\t\t\t\t\t\t\t\t\t\t\t\t<label for=\"form-field-message\" class=\"elementor-field-label\">\n\t\t\t\t\t\t\t\tNachricht\t\t\t\t\t\t\t<\/label>\n\t\t\t\t\t\t<textarea class=\"elementor-field-textual elementor-field  elementor-size-sm\" name=\"form_fields[message]\" id=\"form-field-message\" rows=\"4\" required=\"required\"><\/textarea>\t\t\t\t<\/div>\n\t\t\t\t\t\t\t\t<div class=\"elementor-field-type-recaptcha_v3 elementor-field-group elementor-column elementor-field-group-field_c948c12 elementor-col-100 recaptcha_v3-bottomright\">\n\t\t\t\t\t<div class=\"elementor-field\" id=\"form-field-field_c948c12\"><div class=\"elementor-g-recaptcha\" data-sitekey=\"6LdPkFInAAAAANWOYhhJ2oYFJ7gQapxyXbjGjF3E\" data-type=\"v3\" data-action=\"Form\" data-badge=\"bottomright\" data-size=\"invisible\"><\/div><\/div>\t\t\t\t<\/div>\n\t\t\t\t\t\t\t\t<div class=\"elementor-field-type-acceptance elementor-field-group elementor-column elementor-field-group-field_a9de498 elementor-col-100\">\n\t\t\t\t\t\t\t<div class=\"elementor-field-subgroup\">\n\t\t\t<span class=\"elementor-field-option\">\n\t\t\t\t<input type=\"checkbox\" name=\"form_fields[field_a9de498]\" id=\"form-field-field_a9de498\" class=\"elementor-field elementor-size-sm  elementor-acceptance-field\">\n\t\t\t\t<label for=\"form-field-field_a9de498\">Ich akzeptiere die <a href=\"https:\/\/www.osfs.eu\/impressum-datenschutz\/\" target=\"blank\">Datenschutzrichtlinien<\/a> der Oblaten des Heiligen Franz von Sales<\/label>\t\t\t<\/span>\n\t\t<\/div>\n\t\t\t\t\t\t<\/div>\n\t\t\t\t\t\t\t\t<div class=\"elementor-field-group elementor-column elementor-field-type-submit elementor-col-100 e-form__buttons\">\n\t\t\t\t\t<button class=\"elementor-button elementor-size-sm\" type=\"submit\">\n\t\t\t\t\t\t<span class=\"elementor-button-content-wrapper\">\n\t\t\t\t\t\t\t\t\t\t\t\t\t\t\t\t\t\t\t\t\t\t<span class=\"elementor-button-text\">Senden<\/span>\n\t\t\t\t\t\t\t\t\t\t\t\t\t<\/span>\n\t\t\t\t\t<\/button>\n\t\t\t\t<\/div>\n\t\t\t<\/div>\n\t\t<\/form>\n\t\t\t\t\t\t<\/div>\n\t\t\t\t<\/div>\n\t\t\t\t<div class=\"elementor-element elementor-element-fda051f elementor-widget elementor-widget-google_maps\" data-id=\"fda051f\" data-element_type=\"widget\" data-e-type=\"widget\" data-widget_type=\"google_maps.default\">\n\t\t\t\t<div class=\"elementor-widget-container\">\n\t\t\t\t\t\t\t<div class=\"elementor-custom-embed\">\n\t\t\t<iframe loading=\"lazy\"\n\t\t\t\t\tsrc=\"https:\/\/maps.google.com\/maps?q=Rosental%201%2C%2085072%20Eichst%C3%A4tt&#038;t=m&#038;z=15&#038;output=embed&#038;iwloc=near\"\n\t\t\t\t\ttitle=\"Rosental 1, 85072 Eichst\u00e4tt\"\n\t\t\t\t\taria-label=\"Rosental 1, 85072 Eichst\u00e4tt\"\n\t\t\t><\/iframe>\n\t\t<\/div>\n\t\t\t\t\t\t<\/div>\n\t\t\t\t<\/div>\n\t\t\t\t<\/div>\n\t\t\t\t<div data-dce-advanced-background-color=\"#A3A3A3\" class=\"elementor-element elementor-element-35e6f6d elementor-widget elementor-widget-spacer\" data-id=\"35e6f6d\" data-element_type=\"widget\" data-e-type=\"widget\" data-widget_type=\"spacer.default\">\n\t\t\t\t<div class=\"elementor-widget-container\">\n\t\t\t\t\t\t\t<div class=\"elementor-spacer\">\n\t\t\t<div class=\"elementor-spacer-inner\"><\/div>\n\t\t<\/div>\n\t\t\t\t\t\t<\/div>\n\t\t\t\t<\/div>\n\t\t<div class=\"elementor-element elementor-element-7702b52 e-con-full e-flex e-con e-child\" data-id=\"7702b52\" data-element_type=\"container\" data-e-type=\"container\">\n\t\t\t\t<div class=\"elementor-element elementor-element-10140f6 elementor-widget elementor-widget-text-editor\" data-id=\"10140f6\" data-element_type=\"widget\" data-e-type=\"widget\" data-widget_type=\"text-editor.default\">\n\t\t\t\t<div class=\"elementor-widget-container\">\n\t\t\t\t\t\t\t\t\t<p>Wir freuen uns auf Ihre Fragen, Anregungen aber auch auf Ihre Kritik. M\u00f6chten Sie mehr \u00fcber unseren Verlag oder \u00fcber unsere Ordensgemein-schaft der Oblaten des hl. Franz von Sales erfahren senden wir Ihnen gerne Informationsmaterial zu.<\/p><p><strong>Franz-Sales-Verlag<\/strong><br \/>Rosental 1<br \/>85072 Eichst\u00e4tt<br \/>Tel.: +49 (0) 8421 93 489-31<br \/>Fax: +49 (0) 8421 93 489-35<br \/>E-Mail: <a href=\"mailto:info@franz-sales-verlag.de\" target=\"_blank\" rel=\"noopener\">info@franz-sales-verlag.de<\/a><\/p>\t\t\t\t\t\t\t\t<\/div>\n\t\t\t\t<\/div>\n\t\t\t\t<div class=\"elementor-element elementor-element-6223840 elementor-widget elementor-widget-text-editor\" data-id=\"6223840\" data-element_type=\"widget\" data-e-type=\"widget\" data-widget_type=\"text-editor.default\">\n\t\t\t\t<div class=\"elementor-widget-container\">\n\t\t\t\t\t\t\t\t\t<p>\u00a0<\/p>\n<p><img decoding=\"async\" class=\"size-thumbnail wp-image-35 aligncenter\" src=\"http:\/\/www.osfs.eu\/zeitschrift-licht\/wp-content\/uploads\/sites\/9\/2023\/05\/guenther_hanswerner-150x150.jpg\" alt=\"\" width=\"150\" height=\"150\" srcset=\"https:\/\/www.osfs.eu\/zeitschrift-licht\/wp-content\/uploads\/sites\/9\/2023\/05\/guenther_hanswerner-150x150.jpg 150w, https:\/\/www.osfs.eu\/zeitschrift-licht\/wp-content\/uploads\/sites\/9\/2023\/05\/guenther_hanswerner.jpg 586w\" sizes=\"(max-width: 150px) 100vw, 150px\" \/><\/p>\n<p style=\"text-align: center\"><strong>Redaktionsleiter:<\/strong><br \/><strong>P. Hans-Werner G\u00fcnther OSFS<\/strong><br \/>E-Mail: <a href=\"mailto:guenther@osfs.eu\" target=\"_blank\" rel=\"noopener\">guenther@osfs.eu<\/a><\/p>\t\t\t\t\t\t\t\t<\/div>\n\t\t\t\t<\/div>\n\t\t\t\t<div class=\"elementor-element elementor-element-219a250 elementor-widget elementor-widget-text-editor\" data-id=\"219a250\" data-element_type=\"widget\" data-e-type=\"widget\" data-widget_type=\"text-editor.default\">\n\t\t\t\t<div class=\"elementor-widget-container\">\n\t\t\t\t\t\t\t\t\t<p style=\"text-align: center\"><img decoding=\"async\" class=\"size-thumbnail wp-image-37 aligncenter\" src=\"http:\/\/www.osfs.eu\/zeitschrift-licht\/wp-content\/uploads\/sites\/9\/2023\/05\/fobes_raymund-150x150.jpg\" alt=\"\" width=\"150\" height=\"150\" \/><\/p>\n<p style=\"text-align: center\"><strong>Redaktioneller Mitarbeiter:<\/strong><br \/><strong>Raymund Fobes<\/strong><br \/>E-Mail: <a href=\"mailto:r.fobes@franz-sales-verlag.de\" target=\"_blank\" rel=\"noopener\">r.fobes@franz-sales-verlag.de<\/a><\/p>\t\t\t\t\t\t\t\t<\/div>\n\t\t\t\t<\/div>\n\t\t\t\t<div class=\"elementor-element elementor-element-008f919 elementor-widget elementor-widget-text-editor\" data-id=\"008f919\" data-element_type=\"widget\" data-e-type=\"widget\" data-widget_type=\"text-editor.default\">\n\t\t\t\t<div class=\"elementor-widget-container\">\n\t\t\t\t\t\t\t\t\t<p style=\"text-align: center\"><img decoding=\"async\" class=\"size-thumbnail wp-image-39 aligncenter\" src=\"http:\/\/www.osfs.eu\/zeitschrift-licht\/wp-content\/uploads\/sites\/9\/2023\/05\/lindner_anja-150x150.jpg\" alt=\"\" width=\"150\" height=\"150\" \/><\/p>\n<p style=\"text-align: center\"><strong style=\"font-size: 1rem\">B\u00fcro:<br \/><\/strong><strong>Anja Lindner<\/strong><br \/>E-Mail: <a href=\"mailto:anja.lindner@franz-sales-verlag.de\" target=\"_blank\" rel=\"noopener\">anja.lindner@franz-sales-verlag.de<\/a><\/p>\t\t\t\t\t\t\t\t<\/div>\n\t\t\t\t<\/div>\n\t\t\t\t<div class=\"elementor-element elementor-element-0acbc7c elementor-widget elementor-widget-text-editor\" data-id=\"0acbc7c\" data-element_type=\"widget\" data-e-type=\"widget\" data-widget_type=\"text-editor.default\">\n\t\t\t\t<div class=\"elementor-widget-container\">\n\t\t\t\t\t\t\t\t\t<p>Hier finden Sie alle Ansprechpartner der Ordensgemeinschaft:<\/p><p><strong>Oblaten des hl. Franz von Sales Provinzialat<\/strong><br \/>Ettingshausengasse 1<br \/>A-1010 Wien<br \/>Tel.: +43 1 320 66 97<br \/>Fax.: +43 1 320 66 97-22<br \/>Web:<a href=\"http:\/\/www.osfs.eu\"> www.osfs.eu<\/a><\/p><p><strong>Oblaten des hl. Franz von Sales<\/strong><br \/><strong>Salesianum Rosental<\/strong><br \/>Rosental 1<br \/>85072 Eichst\u00e4tt<br \/>Tel.: +49 (0) 8421 93\u00a0 489-0<br \/>Fax: +49 (0) 8421 93 489-35<br \/>Web: <a href=\"http:\/\/www.salesianum-rosental.de\" target=\"_blank\" rel=\"noopener\">www.salesianum-rosental.de<\/a><\/p>\t\t\t\t\t\t\t\t<\/div>\n\t\t\t\t<\/div>\n\t\t\t\t<\/div>\n\t\t\t\t\t<\/div>\n\t\t\t\t<\/div>\n\t\t\t\t<\/div>\n\t\t","protected":false},"excerpt":{"rendered":"<p>Franz-sales-verlag Senden Sie uns eine E-Mail Wir freuen uns auf Ihre Fragen, Anregungen aber auch auf Ihre Kritik. M\u00f6chten Sie mehr \u00fcber unseren Verlag oder \u00fcber unsere Ordensgemein-schaft der Oblaten des hl. Franz von Sales erfahren senden wir Ihnen gerne Informationsmaterial zu. Franz-Sales-VerlagRosental 185072 Eichst\u00e4ttTel.: +49 (0) 8421 93 489-31Fax: +49 (0) 8421 93 489-35E-Mail: [&hellip;]<\/p>\n","protected":false},"author":4,"featured_media":0,"parent":0,"menu_order":0,"comment_status":"closed","ping_status":"closed","template":"","meta":{"_acf_changed":false,"footnotes":""},"class_list":["post-32","page","type-page","status-publish","hentry"],"acf":[],"_links":{"self":[{"href":"https:\/\/www.osfs.eu\/zeitschrift-licht\/wp-json\/wp\/v2\/pages\/32","targetHints":{"allow":["GET"]}}],"collection":[{"href":"https:\/\/www.osfs.eu\/zeitschrift-licht\/wp-json\/wp\/v2\/pages"}],"about":[{"href":"https:\/\/www.osfs.eu\/zeitschrift-licht\/wp-json\/wp\/v2\/types\/page"}],"author":[{"embeddable":true,"href":"https:\/\/www.osfs.eu\/zeitschrift-licht\/wp-json\/wp\/v2\/users\/4"}],"replies":[{"embeddable":true,"href":"https:\/\/www.osfs.eu\/zeitschrift-licht\/wp-json\/wp\/v2\/comments?post=32"}],"version-history":[{"count":105,"href":"https:\/\/www.osfs.eu\/zeitschrift-licht\/wp-json\/wp\/v2\/pages\/32\/revisions"}],"predecessor-version":[{"id":771,"href":"https:\/\/www.osfs.eu\/zeitschrift-licht\/wp-json\/wp\/v2\/pages\/32\/revisions\/771"}],"wp:attachment":[{"href":"https:\/\/www.osfs.eu\/zeitschrift-licht\/wp-json\/wp\/v2\/media?parent=32"}],"curies":[{"name":"wp","href":"https:\/\/api.w.org\/{rel}","templated":true}]}}