{"id":820,"date":"2023-05-23T10:41:43","date_gmt":"2023-05-23T08:41:43","guid":{"rendered":"https:\/\/www.osfs.eu\/salesianum-rosental\/?page_id=820"},"modified":"2023-08-08T09:58:06","modified_gmt":"2023-08-08T07:58:06","slug":"salesianisches-institut-mit-salesianischer-bibliothek","status":"publish","type":"page","link":"https:\/\/www.osfs.eu\/salesianum-rosental\/salesianisches-institut-mit-salesianischer-bibliothek\/","title":{"rendered":"Salesianisches Institut mit Salesianischer Bibliothek"},"content":{"rendered":"\n<p class=\"has-text-color has-small-font-size\" style=\"color:#555555\">Das Salesianische Institut mit einer umfangreichen salesianischen Bibliothek bietet Wissenschaftlern die M\u00f6glichkeit, sich auf dem Gebiet der salesianischen Spiritualit\u00e4t zu vertiefen.<\/p>\n\n\n\n<p class=\"has-text-color has-small-font-size\" style=\"color:#555555\"><strong>Leiter: P. Herbert Winklehner OSFS<\/strong><\/p>\n\n\n\n<p class=\"has-text-color has-small-font-size\" style=\"color:#555555\"><strong>Kontakt:<\/strong><br>Salesianisches Institut<br>Rosental 1<br>85072 Eichst\u00e4tt<br>Deutschland<br>Tel: (++49) 08421\/93489-25<br>Fax: (++49) 08421\/93489-35<br>E-Mail:\u00a0<a href=\"mailto:institut@salesianum-rosental.de\">institut@salesianum-rosental.de<\/a><\/p>\n\n\n\n<p class=\"has-text-color has-small-font-size\" style=\"color:#555555\">Die B\u00fccher des Salesianischen Institutes sind online \u00fcber die Bibliothek der Katholischen Universit\u00e4t Eichst\u00e4tt (webOPAC) recherchierbar. Auf deren Suchmaske entweder unter der&nbsp;<strong>Signatur 320\/*<\/strong>&nbsp;(=offizielle Signatur des Salesianischen Institutes) suchen oder ganz einfach nach Autoren und Stichw\u00f6rtern.<\/p>\n\n\n\n<p class=\"has-small-font-size\"><a href=\"https:\/\/opac.ku.de\/\" target=\"_blank\" data-type=\"URL\" data-id=\"https:\/\/opac.ku.de\/\" rel=\"noreferrer noopener\">Weiter zur Bibliothek der Katholischen Universit\u00e4t Eichst\u00e4tt<\/a><\/p>\n","protected":false},"excerpt":{"rendered":"<p>Das Salesianische Institut mit einer umfangreichen salesianischen Bibliothek bietet Wissenschaftlern die M\u00f6glichkeit, sich auf dem Gebiet der salesianischen Spiritualit\u00e4t zu vertiefen. Leiter: P. Herbert Winklehner OSFS Kontakt:Salesianisches InstitutRosental 185072 Eichst\u00e4ttDeutschlandTel: (++49) 08421\/93489-25Fax: (++49) 08421\/93489-35E-Mail:\u00a0institut@salesianum-rosental.de Die B\u00fccher des Salesianischen Institutes sind online \u00fcber die Bibliothek der Katholischen Universit\u00e4t Eichst\u00e4tt (webOPAC) recherchierbar. Auf deren Suchmaske entweder unter [&hellip;]<\/p>\n","protected":false},"author":4,"featured_media":0,"parent":0,"menu_order":0,"comment_status":"closed","ping_status":"closed","template":"","meta":{"_acf_changed":false,"footnotes":""},"class_list":["post-820","page","type-page","status-publish","hentry"],"acf":[],"publishpress_future_workflow_manual_trigger":{"enabledWorkflows":[]},"_links":{"self":[{"href":"https:\/\/www.osfs.eu\/salesianum-rosental\/wp-json\/wp\/v2\/pages\/820","targetHints":{"allow":["GET"]}}],"collection":[{"href":"https:\/\/www.osfs.eu\/salesianum-rosental\/wp-json\/wp\/v2\/pages"}],"about":[{"href":"https:\/\/www.osfs.eu\/salesianum-rosental\/wp-json\/wp\/v2\/types\/page"}],"author":[{"embeddable":true,"href":"https:\/\/www.osfs.eu\/salesianum-rosental\/wp-json\/wp\/v2\/users\/4"}],"replies":[{"embeddable":true,"href":"https:\/\/www.osfs.eu\/salesianum-rosental\/wp-json\/wp\/v2\/comments?post=820"}],"version-history":[{"count":6,"href":"https:\/\/www.osfs.eu\/salesianum-rosental\/wp-json\/wp\/v2\/pages\/820\/revisions"}],"predecessor-version":[{"id":1211,"href":"https:\/\/www.osfs.eu\/salesianum-rosental\/wp-json\/wp\/v2\/pages\/820\/revisions\/1211"}],"wp:attachment":[{"href":"https:\/\/www.osfs.eu\/salesianum-rosental\/wp-json\/wp\/v2\/media?parent=820"}],"curies":[{"name":"wp","href":"https:\/\/api.w.org\/{rel}","templated":true}]}}