{"id":8,"date":"2023-02-16T10:55:09","date_gmt":"2023-02-16T09:55:09","guid":{"rendered":"https:\/\/www.osfs.eu\/diebaronin\/?page_id=8"},"modified":"2023-03-13T09:35:41","modified_gmt":"2023-03-13T08:35:41","slug":"das-projekt","status":"publish","type":"page","link":"https:\/\/www.osfs.eu\/diebaronin\/das-projekt\/","title":{"rendered":"Die wahre Geschichte"},"content":{"rendered":"\t\t<div data-elementor-type=\"wp-page\" data-elementor-id=\"8\" class=\"elementor elementor-8\" data-elementor-post-type=\"page\">\n\t\t\t\t\t\t<section data-dce-background-image-url=\"https:\/\/www.osfs.eu\/diebaronin\/wp-content\/uploads\/sites\/7\/2023\/02\/winklehner_kehr_kraft_02.jpg\" class=\"elementor-section elementor-top-section elementor-element elementor-element-653e03e elementor-section-height-min-height elementor-section-boxed elementor-section-height-default elementor-section-items-middle\" data-id=\"653e03e\" data-element_type=\"section\" data-e-type=\"section\" data-settings=\"{&quot;background_background&quot;:&quot;classic&quot;}\">\n\t\t\t\t\t\t<div class=\"elementor-container elementor-column-gap-default\">\n\t\t\t\t\t<div class=\"elementor-column elementor-col-100 elementor-top-column elementor-element elementor-element-b0625f3\" data-id=\"b0625f3\" data-element_type=\"column\" data-e-type=\"column\">\n\t\t\t<div class=\"elementor-widget-wrap elementor-element-populated\">\n\t\t\t\t\t\t<div class=\"elementor-element elementor-element-5f722e3 elementor-widget elementor-widget-heading\" data-id=\"5f722e3\" data-element_type=\"widget\" data-e-type=\"widget\" data-widget_type=\"heading.default\">\n\t\t\t\t<div class=\"elementor-widget-container\">\n\t\t\t\t\t<h1 class=\"elementor-heading-title elementor-size-default\">Die wahre Geschichte<\/h1>\t\t\t\t<\/div>\n\t\t\t\t<\/div>\n\t\t\t\t\t<\/div>\n\t\t<\/div>\n\t\t\t\t\t<\/div>\n\t\t<\/section>\n\t\t\t\t<section class=\"elementor-section elementor-top-section elementor-element elementor-element-27fe6491 elementor-section-boxed elementor-section-height-default elementor-section-height-default\" data-id=\"27fe6491\" data-element_type=\"section\" data-e-type=\"section\">\n\t\t\t\t\t\t<div class=\"elementor-container elementor-column-gap-default\">\n\t\t\t\t\t<div class=\"elementor-column elementor-col-100 elementor-top-column elementor-element elementor-element-46a56000\" data-id=\"46a56000\" data-element_type=\"column\" data-e-type=\"column\">\n\t\t\t<div class=\"elementor-widget-wrap elementor-element-populated\">\n\t\t\t\t\t\t<div data-dce-title-color=\"#B41D26\" class=\"elementor-element elementor-element-dfd3394 elementor-widget elementor-widget-heading\" data-id=\"dfd3394\" data-element_type=\"widget\" data-e-type=\"widget\" data-widget_type=\"heading.default\">\n\t\t\t\t<div class=\"elementor-widget-container\">\n\t\t\t\t\t<h2 class=\"elementor-heading-title elementor-size-default\">\u00dcber das Projekt<\/h2>\t\t\t\t<\/div>\n\t\t\t\t<\/div>\n\t\t\t\t<div data-dce-title-color=\"#B41D26\" class=\"elementor-element elementor-element-28932f1 elementor-widget elementor-widget-heading\" data-id=\"28932f1\" data-element_type=\"widget\" data-e-type=\"widget\" data-widget_type=\"heading.default\">\n\t\t\t\t<div class=\"elementor-widget-container\">\n\t\t\t\t\t<h3 class=\"elementor-heading-title elementor-size-default\">Der Traum<\/h3>\t\t\t\t<\/div>\n\t\t\t\t<\/div>\n\t\t\t\t<div class=\"elementor-element elementor-element-2b20355 elementor-widget elementor-widget-text-editor\" data-id=\"2b20355\" data-element_type=\"widget\" data-e-type=\"widget\" data-widget_type=\"text-editor.default\">\n\t\t\t\t<div class=\"elementor-widget-container\">\n\t\t\t\t\t\t\t\t\t<p>Francis Care (Musikp\u00e4dagoge, Komponist, Arrangeur und S\u00e4nger; www.francis-care.de) und Nicola Kraft (geb. Bamberger) wollten schon immer ein Musical schreiben. Da Pater Herbert Winklehner OSFS (Oblate des hl. Franz von Sales, Pfarrvikar der Pfarrgemeinde Franz von Sales, Wien) f\u00fcr Francis Care schon einige Liedertexte geschrieben hatte, fragten sie ihn im Sommer 2009, ob er nicht bei diesem Musicalprojekt mitmachen wolle. Einige Wochen sp\u00e4ter stellte er ihnen die Geschichte der heiligen Johanna Franziska von Chantal vor und sowohl Francis Care als auch Nicola Bamberger waren vom Leben dieser Frau sofort fasziniert. Das Musical \u201eDie Baronin\u201c war geboren.<\/p>\t\t\t\t\t\t\t\t<\/div>\n\t\t\t\t<\/div>\n\t\t\t\t<div data-dce-title-color=\"#B41D26\" class=\"elementor-element elementor-element-ebd8c5b elementor-widget elementor-widget-heading\" data-id=\"ebd8c5b\" data-element_type=\"widget\" data-e-type=\"widget\" data-widget_type=\"heading.default\">\n\t\t\t\t<div class=\"elementor-widget-container\">\n\t\t\t\t\t<h3 class=\"elementor-heading-title elementor-size-default\">Die Baronin<\/h3>\t\t\t\t<\/div>\n\t\t\t\t<\/div>\n\t\t\t\t<div class=\"elementor-element elementor-element-2a1ce21 elementor-widget elementor-widget-text-editor\" data-id=\"2a1ce21\" data-element_type=\"widget\" data-e-type=\"widget\" data-widget_type=\"text-editor.default\">\n\t\t\t\t<div class=\"elementor-widget-container\">\n\t\t\t\t\t\t\t\t\t<p>Das Musical erz\u00e4hlt die Geschichte der Baronin Johanna Franziska von Chantal. Sie ist eine Frau,<\/p>\n<p><span>&#8211; die vor 400 Jahren die Liebe ihres Lebens heiratet;<\/span><br><span>&#8211; die erfolgreich ihr Schloss verwaltet und f\u00fcr ihre Kinder und die \u00c4rmsten da ist;<\/span><br><span>&#8211; die ihren Ehemann auf tragische Weise verliert und mit dem Leben k\u00e4mpft.<\/span><\/p>\n<p><span>In dieser schweren Phase ihres Lebens trifft sie auf Franz von Sales, den Bischof von Genf, und wagt mit ihm zusammen ein v\u00f6llig anderes Leben: Gemeinsam gr\u00fcnden sie einen Frauenorden, um sich ganz der geistigen Liebe und den Armen zu widmen.<\/span><br><span>Mit diesem Musical ersteht das Leben einer edlen Frau, die mit starkem Willen und getragen von einem gro\u00dfen Gottvertrauen ihrem Gl\u00fcck und ihren Tiefen begegnet und sich nach nichts mehr sehnt als nach Liebe \u2026<\/span><\/p>\n<p><\/p>\t\t\t\t\t\t\t\t<\/div>\n\t\t\t\t<\/div>\n\t\t\t\t<div data-dce-title-color=\"#B41D26\" class=\"elementor-element elementor-element-e885104 elementor-widget elementor-widget-heading\" data-id=\"e885104\" data-element_type=\"widget\" data-e-type=\"widget\" data-widget_type=\"heading.default\">\n\t\t\t\t<div class=\"elementor-widget-container\">\n\t\t\t\t\t<h3 class=\"elementor-heading-title elementor-size-default\">Die wahre Geschichte<\/h3>\t\t\t\t<\/div>\n\t\t\t\t<\/div>\n\t\t\t\t<div class=\"elementor-element elementor-element-2e795b6 elementor-widget elementor-widget-text-editor\" data-id=\"2e795b6\" data-element_type=\"widget\" data-e-type=\"widget\" data-widget_type=\"text-editor.default\">\n\t\t\t\t<div class=\"elementor-widget-container\">\n\t\t\t\t\t\t\t\t\t<p><span style=\"color: #222222\">Historisches Vorbild des Musicals ist die heilige Johanna Franziska Fr\u00e9myot, Baronin von Chantal. Sie lebte von 1572-1641 in Frankreich. Sie war mit Christoph Rabutin, Baron von Chantal, verheiratet und Mutter von sechs Kindern, von denen zwei bereits nach der Geburt starben. 1601 verlor sie ihren Ehemann durch einen tragischen Jagdunfall. 1604 begegnete sie dem heiligen Franz von Sales (1567-1622), Bischof von Genf, der ihr durch seine geistliche Begleitung zu neuem Lebensmut verhalf. Zwischen den beiden Heiligen entwickelte sich eine in der Kirchengeschichte einzigartige geistliche Freundschaft. Daraus entstand die Idee, gemeinsam eine Ordensgemeinschaft von Frauen zu gr\u00fcnden. Genau vor 400 Jahren, am 6. Juni 1610, wurde der Orden der Schwestern der Heimsuchung Mariens (auch \u201eSalesianerinnen\u201c genannt) ins Leben gerufen. Johanna gr\u00fcndete beeindruckende 87 Kl\u00f6ster und leitete die Ordensgemeinschaft bis zu ihrem Tod. 1767 wurde sie heiliggesprochen. Sie ist die Patronin f\u00fcr eine gl\u00fcckliche Geburt. Ihr Gedenktag im katholischen Heiligenkalender ist der 12. August.<\/span><\/p>\t\t\t\t\t\t\t\t<\/div>\n\t\t\t\t<\/div>\n\t\t\t\t<div class=\"elementor-element elementor-element-17e6a8f elementor-widget__width-auto elementor-widget elementor-widget-button\" data-id=\"17e6a8f\" data-element_type=\"widget\" data-e-type=\"widget\" data-widget_type=\"button.default\">\n\t\t\t\t<div class=\"elementor-widget-container\">\n\t\t\t\t\t\t\t\t\t<div class=\"elementor-button-wrapper\">\n\t\t\t\t\t<a class=\"elementor-button elementor-button-link elementor-size-sm\" href=\"https:\/\/jubilaeum2022.osfs.eu\/\" target=\"_blank\">\n\t\t\t\t\t\t<span class=\"elementor-button-content-wrapper\">\n\t\t\t\t\t\t\t\t\t<span class=\"elementor-button-text\">Johanna Franzsika von CHantal<\/span>\n\t\t\t\t\t<\/span>\n\t\t\t\t\t<\/a>\n\t\t\t\t<\/div>\n\t\t\t\t\t\t\t\t<\/div>\n\t\t\t\t<\/div>\n\t\t\t\t<div class=\"elementor-element elementor-element-e834fc6 elementor-widget__width-auto elementor-widget elementor-widget-button\" data-id=\"e834fc6\" data-element_type=\"widget\" data-e-type=\"widget\" data-widget_type=\"button.default\">\n\t\t\t\t<div class=\"elementor-widget-container\">\n\t\t\t\t\t\t\t\t\t<div class=\"elementor-button-wrapper\">\n\t\t\t\t\t<a class=\"elementor-button elementor-button-link elementor-size-sm\" href=\"https:\/\/jubilaeum2022.osfs.eu\/\" target=\"_blank\">\n\t\t\t\t\t\t<span class=\"elementor-button-content-wrapper\">\n\t\t\t\t\t\t\t\t\t<span class=\"elementor-button-text\">Franz von Sales<\/span>\n\t\t\t\t\t<\/span>\n\t\t\t\t\t<\/a>\n\t\t\t\t<\/div>\n\t\t\t\t\t\t\t\t<\/div>\n\t\t\t\t<\/div>\n\t\t\t\t<div data-dce-title-color=\"#B41D26\" class=\"elementor-element elementor-element-36d288b elementor-widget elementor-widget-heading\" data-id=\"36d288b\" data-element_type=\"widget\" data-e-type=\"widget\" data-widget_type=\"heading.default\">\n\t\t\t\t<div class=\"elementor-widget-container\">\n\t\t\t\t\t<h3 class=\"elementor-heading-title elementor-size-default\">Das Konzept<\/h3>\t\t\t\t<\/div>\n\t\t\t\t<\/div>\n\t\t\t\t<div data-dce-title-color=\"#B41D26\" class=\"elementor-element elementor-element-8c3b18a elementor-widget elementor-widget-heading\" data-id=\"8c3b18a\" data-element_type=\"widget\" data-e-type=\"widget\" data-widget_type=\"heading.default\">\n\t\t\t\t<div class=\"elementor-widget-container\">\n\t\t\t\t\t<h4 class=\"elementor-heading-title elementor-size-default\">Prolog<\/h4>\t\t\t\t<\/div>\n\t\t\t\t<\/div>\n\t\t\t\t<div class=\"elementor-element elementor-element-6a1367a elementor-widget elementor-widget-text-editor\" data-id=\"6a1367a\" data-element_type=\"widget\" data-e-type=\"widget\" data-widget_type=\"text-editor.default\">\n\t\t\t\t<div class=\"elementor-widget-container\">\n\t\t\t\t\t\t\t\t\t<p><span style=\"color: #222222\">&#8211; Johanna in ihrem Sterbezimmer<\/span><br style=\"color: #222222\" \/><span style=\"color: #222222\">&#8211; R\u00fcckblick auf ihr Leben zusammen mit ihrem Schutzengel<br \/><\/span><\/p>\t\t\t\t\t\t\t\t<\/div>\n\t\t\t\t<\/div>\n\t\t\t\t<div data-dce-title-color=\"#B41D26\" class=\"elementor-element elementor-element-ecb83b6 elementor-widget elementor-widget-heading\" data-id=\"ecb83b6\" data-element_type=\"widget\" data-e-type=\"widget\" data-widget_type=\"heading.default\">\n\t\t\t\t<div class=\"elementor-widget-container\">\n\t\t\t\t\t<h4 class=\"elementor-heading-title elementor-size-default\">1. Teil: Ehefrau, Mutter, Witwe<\/h4>\t\t\t\t<\/div>\n\t\t\t\t<\/div>\n\t\t\t\t<div class=\"elementor-element elementor-element-e23c443 elementor-widget elementor-widget-text-editor\" data-id=\"e23c443\" data-element_type=\"widget\" data-e-type=\"widget\" data-widget_type=\"text-editor.default\">\n\t\t\t\t<div class=\"elementor-widget-container\">\n\t\t\t\t\t\t\t\t\t<p><span style=\"color: #222222\">&#8211; Hochzeit mit Christoph<\/span><br style=\"color: #222222\" \/><span style=\"color: #222222\">&#8211; Alltag auf dem Schloss (Verwaltung, Armenhilfe, Kinder)<\/span><br style=\"color: #222222\" \/><span style=\"color: #222222\">&#8211; Christophs Jagdunfall und Tod<\/span><br style=\"color: #222222\" \/><span style=\"color: #222222\">&#8211; Innerer Zusammenbruch<\/span><br style=\"color: #222222\" \/><span style=\"color: #222222\">&#8211; Begegnung mit Franz von Sales<\/span><\/p>\t\t\t\t\t\t\t\t<\/div>\n\t\t\t\t<\/div>\n\t\t\t\t<div data-dce-title-color=\"#B41D26\" class=\"elementor-element elementor-element-1563103 elementor-widget elementor-widget-heading\" data-id=\"1563103\" data-element_type=\"widget\" data-e-type=\"widget\" data-widget_type=\"heading.default\">\n\t\t\t\t<div class=\"elementor-widget-container\">\n\t\t\t\t\t<h4 class=\"elementor-heading-title elementor-size-default\">2. Teil: Witwe und Nonne<\/h4>\t\t\t\t<\/div>\n\t\t\t\t<\/div>\n\t\t\t\t<div class=\"elementor-element elementor-element-43c4d95 elementor-widget elementor-widget-text-editor\" data-id=\"43c4d95\" data-element_type=\"widget\" data-e-type=\"widget\" data-widget_type=\"text-editor.default\">\n\t\t\t\t<div class=\"elementor-widget-container\">\n\t\t\t\t\t\t\t\t\t<p><span style=\"color: #222222\">&#8211; Begleitung und Ermutigung durch Franz von Sales<\/span><br style=\"color: #222222\" \/><span style=\"color: #222222\">&#8211; Vers\u00f6hnung mit dem M\u00f6rder ihres Mannes<\/span><br style=\"color: #222222\" \/><span style=\"color: #222222\">&#8211; Gr\u00fcndung des Ordens der Schwestern der Heimsuchung Mariens<\/span><br style=\"color: #222222\" \/><span style=\"color: #222222\">&#8211; Klosterleben und \u201eGott allein gen\u00fcgt\u201c<\/span><br style=\"color: #222222\" \/><span style=\"color: #222222\">&#8211; Tod von Franz von Sales<\/span><br style=\"color: #222222\" \/><span style=\"color: #222222\">&#8211; Die letzten Lebensjahre<\/span><\/p>\t\t\t\t\t\t\t\t<\/div>\n\t\t\t\t<\/div>\n\t\t\t\t<div data-dce-title-color=\"#B41D26\" class=\"elementor-element elementor-element-89cd636 elementor-widget elementor-widget-heading\" data-id=\"89cd636\" data-element_type=\"widget\" data-e-type=\"widget\" data-widget_type=\"heading.default\">\n\t\t\t\t<div class=\"elementor-widget-container\">\n\t\t\t\t\t<h4 class=\"elementor-heading-title elementor-size-default\">Finale<\/h4>\t\t\t\t<\/div>\n\t\t\t\t<\/div>\n\t\t\t\t<div class=\"elementor-element elementor-element-4d39498 elementor-widget elementor-widget-text-editor\" data-id=\"4d39498\" data-element_type=\"widget\" data-e-type=\"widget\" data-widget_type=\"text-editor.default\">\n\t\t\t\t<div class=\"elementor-widget-container\">\n\t\t\t\t\t\t\t\t\t<p style=\"margin-top: 0px;margin-bottom: 0.9rem;color: #222222;font-family: -apple-system, BlinkMacSystemFont, 'Segoe UI', Roboto, 'Helvetica Neue', Arial, 'Noto Sans', sans-serif, 'Apple Color Emoji', 'Segoe UI Emoji', 'Segoe UI Symbol', 'Noto Color Emoji';font-size: 16px;font-style: normal;font-weight: 400;letter-spacing: normal;text-align: start;text-indent: 0px;text-transform: none;background-color: none\">&#8211; Johannas Tod und Eingang in die Herrlichkeit<\/p>\t\t\t\t\t\t\t\t<\/div>\n\t\t\t\t<\/div>\n\t\t\t\t<div data-dce-title-color=\"#B41D26\" class=\"elementor-element elementor-element-be5d577 elementor-widget elementor-widget-heading\" data-id=\"be5d577\" data-element_type=\"widget\" data-e-type=\"widget\" data-widget_type=\"heading.default\">\n\t\t\t\t<div class=\"elementor-widget-container\">\n\t\t\t\t\t<h3 class=\"elementor-heading-title elementor-size-default\">Das Team<\/h3>\t\t\t\t<\/div>\n\t\t\t\t<\/div>\n\t\t\t\t<div class=\"elementor-element elementor-element-840a6a5 elementor-widget elementor-widget-text-editor\" data-id=\"840a6a5\" data-element_type=\"widget\" data-e-type=\"widget\" data-widget_type=\"text-editor.default\">\n\t\t\t\t<div class=\"elementor-widget-container\">\n\t\t\t\t\t\t\t\t\t<p><span style=\"color: #222222\">&#8211; ca. 20 Schauspieler\/innen<\/span><br style=\"color: #222222\" \/><span style=\"color: #222222\">&#8211; ca. 10 Musiker\/innen<\/span><br style=\"color: #222222\" \/><span style=\"color: #222222\">&#8211; und viele, viele helfende H\u00e4nde vor und hinter der B\u00fchne<\/span><\/p>\t\t\t\t\t\t\t\t<\/div>\n\t\t\t\t<\/div>\n\t\t\t\t<div data-dce-title-color=\"#B41D26\" class=\"elementor-element elementor-element-05581c2 elementor-widget elementor-widget-heading\" data-id=\"05581c2\" data-element_type=\"widget\" data-e-type=\"widget\" data-widget_type=\"heading.default\">\n\t\t\t\t<div class=\"elementor-widget-container\">\n\t\t\t\t\t<h3 class=\"elementor-heading-title elementor-size-default\">Die Dauer<\/h3>\t\t\t\t<\/div>\n\t\t\t\t<\/div>\n\t\t\t\t<div class=\"elementor-element elementor-element-43605b4 elementor-widget elementor-widget-text-editor\" data-id=\"43605b4\" data-element_type=\"widget\" data-e-type=\"widget\" data-widget_type=\"text-editor.default\">\n\t\t\t\t<div class=\"elementor-widget-container\">\n\t\t\t\t\t\t\t\t\t<p style=\"margin-top: 0px;margin-bottom: 0.9rem;color: #222222;font-family: -apple-system, BlinkMacSystemFont, 'Segoe UI', Roboto, 'Helvetica Neue', Arial, 'Noto Sans', sans-serif, 'Apple Color Emoji', 'Segoe UI Emoji', 'Segoe UI Symbol', 'Noto Color Emoji';font-size: 16px;font-style: normal;font-weight: 400;letter-spacing: normal;text-align: start;text-indent: 0px;text-transform: none;background-color: none\">-ca. 2 Stunden Spielzeit plus Pause<\/p>\t\t\t\t\t\t\t\t<\/div>\n\t\t\t\t<\/div>\n\t\t\t\t<div data-dce-title-color=\"#B41D26\" class=\"elementor-element elementor-element-abb9115 elementor-widget elementor-widget-heading\" data-id=\"abb9115\" data-element_type=\"widget\" data-e-type=\"widget\" data-widget_type=\"heading.default\">\n\t\t\t\t<div class=\"elementor-widget-container\">\n\t\t\t\t\t<h3 class=\"elementor-heading-title elementor-size-default\">Wir w\u00fcnschen uns,<\/h3>\t\t\t\t<\/div>\n\t\t\t\t<\/div>\n\t\t\t\t<div class=\"elementor-element elementor-element-3c4434f elementor-widget elementor-widget-text-editor\" data-id=\"3c4434f\" data-element_type=\"widget\" data-e-type=\"widget\" data-widget_type=\"text-editor.default\">\n\t\t\t\t<div class=\"elementor-widget-container\">\n\t\t\t\t\t\t\t\t\t<p><span style=\"color: #222222\">&#8211; dass unsere Herzen ber\u00fchrt werden.<\/span><br style=\"color: #222222\" \/><span style=\"color: #222222\">&#8211; dass wir uns gegenseitig helfen.<\/span><br style=\"color: #222222\" \/><span style=\"color: #222222\">&#8211; dass wir unsere Tr\u00e4ume (er)leben.<\/span><br style=\"color: #222222\" \/><span style=\"color: #222222\">&#8211; dass wir Liebe erfahren und weitergeben.<\/span><\/p>\t\t\t\t\t\t\t\t<\/div>\n\t\t\t\t<\/div>\n\t\t\t\t\t<\/div>\n\t\t<\/div>\n\t\t\t\t\t<\/div>\n\t\t<\/section>\n\t\t\t\t<section class=\"elementor-section elementor-top-section elementor-element elementor-element-4503d3d elementor-section-boxed elementor-section-height-default elementor-section-height-default\" data-id=\"4503d3d\" data-element_type=\"section\" data-e-type=\"section\">\n\t\t\t\t\t\t<div class=\"elementor-container elementor-column-gap-default\">\n\t\t\t\t\t<div class=\"elementor-column elementor-col-100 elementor-top-column elementor-element elementor-element-7756b21\" data-id=\"7756b21\" data-element_type=\"column\" data-e-type=\"column\">\n\t\t\t<div class=\"elementor-widget-wrap elementor-element-populated\">\n\t\t\t\t\t\t<div data-dce-text-color=\"#B41D26\" class=\"elementor-element elementor-element-dcdd11c elementor-widget elementor-widget-text-editor\" data-id=\"dcdd11c\" data-element_type=\"widget\" data-e-type=\"widget\" data-widget_type=\"text-editor.default\">\n\t\t\t\t<div class=\"elementor-widget-container\">\n\t\t\t\t\t\t\t\t\t<p>V + J &#8211; VIVAT JESUS &#8211; Es lebe Jesus &#8211; Jesus leben<\/p>\t\t\t\t\t\t\t\t<\/div>\n\t\t\t\t<\/div>\n\t\t\t\t\t<\/div>\n\t\t<\/div>\n\t\t\t\t\t<\/div>\n\t\t<\/section>\n\t\t\t\t<\/div>\n\t\t","protected":false},"excerpt":{"rendered":"<p>\u00dcber das Projekt Der Traum Francis Care (Musikp\u00e4dagoge, Komponist, Arrangeur und S\u00e4nger; www.francis-care.de) und Nicola Kraft (geb. Bamberger) wollten schon immer ein Musical schreiben. Da Pater Herbert Winklehner OSFS (Oblate des hl. Franz von Sales, Pfarrvikar der Pfarrgemeinde Franz von Sales, Wien) f\u00fcr Francis Care schon einige Liedertexte geschrieben hatte, fragten sie ihn im Sommer [&hellip;]<\/p>\n","protected":false},"author":1,"featured_media":382,"parent":0,"menu_order":0,"comment_status":"closed","ping_status":"closed","template":"elementor_header_footer","meta":{"_acf_changed":false,"footnotes":""},"class_list":["post-8","page","type-page","status-publish","has-post-thumbnail","hentry"],"acf":[],"_links":{"self":[{"href":"https:\/\/www.osfs.eu\/diebaronin\/wp-json\/wp\/v2\/pages\/8","targetHints":{"allow":["GET"]}}],"collection":[{"href":"https:\/\/www.osfs.eu\/diebaronin\/wp-json\/wp\/v2\/pages"}],"about":[{"href":"https:\/\/www.osfs.eu\/diebaronin\/wp-json\/wp\/v2\/types\/page"}],"author":[{"embeddable":true,"href":"https:\/\/www.osfs.eu\/diebaronin\/wp-json\/wp\/v2\/users\/1"}],"replies":[{"embeddable":true,"href":"https:\/\/www.osfs.eu\/diebaronin\/wp-json\/wp\/v2\/comments?post=8"}],"version-history":[{"count":91,"href":"https:\/\/www.osfs.eu\/diebaronin\/wp-json\/wp\/v2\/pages\/8\/revisions"}],"predecessor-version":[{"id":1490,"href":"https:\/\/www.osfs.eu\/diebaronin\/wp-json\/wp\/v2\/pages\/8\/revisions\/1490"}],"wp:featuredmedia":[{"embeddable":true,"href":"https:\/\/www.osfs.eu\/diebaronin\/wp-json\/wp\/v2\/media\/382"}],"wp:attachment":[{"href":"https:\/\/www.osfs.eu\/diebaronin\/wp-json\/wp\/v2\/media?parent=8"}],"curies":[{"name":"wp","href":"https:\/\/api.w.org\/{rel}","templated":true}]}}